{"id":2,"date":"2019-01-13T16:03:39","date_gmt":"2019-01-13T16:03:39","guid":{"rendered":"https:\/\/gonefilming.de\/?page_id=2"},"modified":"2023-02-07T21:50:37","modified_gmt":"2023-02-07T20:50:37","slug":"sample-page","status":"publish","type":"page","link":"https:\/\/gonefilming.de\/ca\/","title":{"rendered":"Welcome!"},"content":{"rendered":"\n\n<div class=\"su-posts su-posts-default-loop \">\n\n\t\n\t\t\t\t\t\n\t\t\t\n\t\t\t<div id=\"su-post-3324\" class=\"su-post \">\n\n\t\t\t\t\t\t\t\t\t<a class=\"su-post-thumbnail\" href=\"https:\/\/gonefilming.de\/ca\/2023\/02\/07\/wieder-huebsch-machen\/\"><img loading=\"lazy\" decoding=\"async\" width=\"640\" height=\"360\" src=\"https:\/\/gonefilming.de\/wp-content\/uploads\/2023\/02\/Cover-640.jpg\" class=\"attachment-post-thumbnail size-post-thumbnail wp-post-image\" alt=\"\" srcset=\"https:\/\/gonefilming.de\/wp-content\/uploads\/2023\/02\/Cover-640.jpg 640w, https:\/\/gonefilming.de\/wp-content\/uploads\/2023\/02\/Cover-640-300x169.jpg 300w, https:\/\/gonefilming.de\/wp-content\/uploads\/2023\/02\/Cover-640-600x338.jpg 600w\" sizes=\"auto, (max-width: 640px) 100vw, 640px\" \/><\/a>\n\t\t\t\t\n\t\t\t\t<h2 class=\"su-post-title\"><a href=\"https:\/\/gonefilming.de\/ca\/2023\/02\/07\/wieder-huebsch-machen\/\">Wieder h\u00fcbsch machen.<\/a><\/h2>\n\n\t\t\t\t<div class=\"su-post-meta\">\n\t\t\t\t\tPosted: February 7, 2023\t\t\t\t<\/div>\n\n\t\t\t\t<div class=\"su-post-excerpt\">\n\t\t\t\t\t  <p>  Die Restauration eines 50 Jahre alten Airstream Wohnwagens. Teil 1 Ach so: Liken, Abonnieren, Kommentieren und Teilen ausdr\u00fccklich erw\u00fcnscht.  <\/p>  \n\t\t\t\t<\/div>\n\n\t\t\t\t\t\t\t\t\t<a href=\"https:\/\/gonefilming.de\/ca\/2023\/02\/07\/wieder-huebsch-machen\/#respond\" class=\"su-post-comments-link\">0 comments<\/a>\n\t\t\t\t\n\t\t\t<\/div>\n\n\t\t\t\t\t\n\t\t\t\n\t\t\t<div id=\"su-post-3252\" class=\"su-post \">\n\n\t\t\t\t\t\t\t\t\t<a class=\"su-post-thumbnail\" href=\"https:\/\/gonefilming.de\/ca\/2022\/05\/18\/long-covid-und-post-covid-die-vergessenen\/\"><img loading=\"lazy\" decoding=\"async\" width=\"308\" height=\"308\" src=\"https:\/\/gonefilming.de\/wp-content\/uploads\/2022\/05\/nicht-genesen.png\" class=\"attachment-post-thumbnail size-post-thumbnail wp-post-image\" alt=\"\" srcset=\"https:\/\/gonefilming.de\/wp-content\/uploads\/2022\/05\/nicht-genesen.png 308w, https:\/\/gonefilming.de\/wp-content\/uploads\/2022\/05\/nicht-genesen-300x300.png 300w, https:\/\/gonefilming.de\/wp-content\/uploads\/2022\/05\/nicht-genesen-150x150.png 150w, https:\/\/gonefilming.de\/wp-content\/uploads\/2022\/05\/nicht-genesen-80x80.png 80w, https:\/\/gonefilming.de\/wp-content\/uploads\/2022\/05\/nicht-genesen-100x100.png 100w\" sizes=\"auto, (max-width: 308px) 100vw, 308px\" \/><\/a>\n\t\t\t\t\n\t\t\t\t<h2 class=\"su-post-title\"><a href=\"https:\/\/gonefilming.de\/ca\/2022\/05\/18\/long-covid-und-post-covid-die-vergessenen\/\">LONG COVID und POST COVID &#8211; die &#8220;Vergessenen&#8221;<\/a><\/h2>\n\n\t\t\t\t<div class=\"su-post-meta\">\n\t\t\t\t\tPosted: May 18, 2022\t\t\t\t<\/div>\n\n\t\t\t\t<div class=\"su-post-excerpt\">\n\t\t\t\t\t  <p>  Ich blende mal zur\u00fcck auf den April 2020. COVID ist zum weltweiten Thema geworden, das Infektionsgeschehen wird zum Fl\u00e4chenbrand. Claudia und Felix (samt Freundin) infizieren sich &#8211; damals mangels irgendwelchen Impfstoffs &#8211; der Supergau&#46;&#46;&#46;  <\/p>  \n\t\t\t\t<\/div>\n\n\t\t\t\t\t\t\t\t\t<a href=\"https:\/\/gonefilming.de\/ca\/2022\/05\/18\/long-covid-und-post-covid-die-vergessenen\/#comments\" class=\"su-post-comments-link\">2 comments<\/a>\n\t\t\t\t\n\t\t\t<\/div>\n\n\t\t\t\t\t\n\t\t\t\n\t\t\t<div id=\"su-post-3230\" class=\"su-post \">\n\n\t\t\t\t\t\t\t\t\t<a class=\"su-post-thumbnail\" href=\"https:\/\/gonefilming.de\/ca\/2022\/04\/29\/die-firma-heatsys-sehr-gerne-wieder\/\"><img loading=\"lazy\" decoding=\"async\" width=\"640\" height=\"480\" src=\"https:\/\/gonefilming.de\/wp-content\/uploads\/2022\/04\/1651234802814-640x480-1.jpg\" class=\"attachment-post-thumbnail size-post-thumbnail wp-post-image\" alt=\"\" srcset=\"https:\/\/gonefilming.de\/wp-content\/uploads\/2022\/04\/1651234802814-640x480-1.jpg 640w, https:\/\/gonefilming.de\/wp-content\/uploads\/2022\/04\/1651234802814-640x480-1-300x225.jpg 300w, https:\/\/gonefilming.de\/wp-content\/uploads\/2022\/04\/1651234802814-640x480-1-600x450.jpg 600w\" sizes=\"auto, (max-width: 640px) 100vw, 640px\" \/><\/a>\n\t\t\t\t\n\t\t\t\t<h2 class=\"su-post-title\"><a href=\"https:\/\/gonefilming.de\/ca\/2022\/04\/29\/die-firma-heatsys-sehr-gerne-wieder\/\">Die Firma Heatsys &#8211; sehr gerne wieder!<\/a><\/h2>\n\n\t\t\t\t<div class=\"su-post-meta\">\n\t\t\t\t\tPosted: April 29, 2022\t\t\t\t<\/div>\n\n\t\t\t\t<div class=\"su-post-excerpt\">\n\t\t\t\t\t  <p>  Nach meinem \u00fcberschaubaren Fritz-Berger Erlebnis, gibt es heute mal lobenswerte Neuigkeiten. Durch einen YT Artikel werde ich auf die nieders\u00e4chsische Firma Heatsys aufmerksam, die Komplettkits f\u00fcr die Erweiterung einer bestehenden Diesel-Standheizung um einen Wasserboiler&#46;&#46;&#46;  <\/p>  \n\t\t\t\t<\/div>\n\n\t\t\t\t\t\t\t\t\t<a href=\"https:\/\/gonefilming.de\/ca\/2022\/04\/29\/die-firma-heatsys-sehr-gerne-wieder\/#respond\" class=\"su-post-comments-link\">0 comments<\/a>\n\t\t\t\t\n\t\t\t<\/div>\n\n\t\t\t\t\t\n\t\t\t\n\t\t\t<div id=\"su-post-3205\" class=\"su-post \">\n\n\t\t\t\t\t\t\t\t\t<a class=\"su-post-thumbnail\" href=\"https:\/\/gonefilming.de\/ca\/2022\/04\/23\/der-aerger-mit-berger\/\"><img loading=\"lazy\" decoding=\"async\" width=\"640\" height=\"409\" src=\"https:\/\/gonefilming.de\/wp-content\/uploads\/2022\/04\/Berger-Pundmann.jpg\" class=\"attachment-post-thumbnail size-post-thumbnail wp-post-image\" alt=\"\" srcset=\"https:\/\/gonefilming.de\/wp-content\/uploads\/2022\/04\/Berger-Pundmann.jpg 640w, https:\/\/gonefilming.de\/wp-content\/uploads\/2022\/04\/Berger-Pundmann-300x192.jpg 300w, https:\/\/gonefilming.de\/wp-content\/uploads\/2022\/04\/Berger-Pundmann-600x383.jpg 600w\" sizes=\"auto, (max-width: 640px) 100vw, 640px\" \/><\/a>\n\t\t\t\t\n\t\t\t\t<h2 class=\"su-post-title\"><a href=\"https:\/\/gonefilming.de\/ca\/2022\/04\/23\/der-aerger-mit-berger\/\">Der \u00c4rger mit Berger<\/a><\/h2>\n\n\t\t\t\t<div class=\"su-post-meta\">\n\t\t\t\t\tPosted: April 23, 2022\t\t\t\t<\/div>\n\n\t\t\t\t<div class=\"su-post-excerpt\">\n\t\t\t\t\t  <p>  Heute um kurz vor 10:00 meldet sich der Kundendienst der Fa. Westfalia &#8211; telefonisch. Das war dann kein RR innerhalb der angepriesenen 24 Std., aber immerhin mehr als ich in Anbetracht der bisherigen Kommunikation&#46;&#46;&#46;  <\/p>  \n\t\t\t\t<\/div>\n\n\t\t\t\t\t\t\t\t\t<a href=\"https:\/\/gonefilming.de\/ca\/2022\/04\/23\/der-aerger-mit-berger\/#respond\" class=\"su-post-comments-link\">0 comments<\/a>\n\t\t\t\t\n\t\t\t<\/div>\n\n\t\t\t\t\t\n\t\t\t\n\t\t\t<div id=\"su-post-2572\" class=\"su-post \">\n\n\t\t\t\t\t\t\t\t\t<a class=\"su-post-thumbnail\" href=\"https:\/\/gonefilming.de\/ca\/2021\/09\/07\/krumm-stehen-ist-gestern\/\"><img loading=\"lazy\" decoding=\"async\" width=\"320\" height=\"187\" src=\"https:\/\/gonefilming.de\/wp-content\/uploads\/2021\/09\/Lynx-Levelers-Thumbnail.jpg\" class=\"attachment-post-thumbnail size-post-thumbnail wp-post-image\" alt=\"\" srcset=\"https:\/\/gonefilming.de\/wp-content\/uploads\/2021\/09\/Lynx-Levelers-Thumbnail.jpg 320w, https:\/\/gonefilming.de\/wp-content\/uploads\/2021\/09\/Lynx-Levelers-Thumbnail-300x175.jpg 300w\" sizes=\"auto, (max-width: 320px) 100vw, 320px\" \/><\/a>\n\t\t\t\t\n\t\t\t\t<h2 class=\"su-post-title\"><a href=\"https:\/\/gonefilming.de\/ca\/2021\/09\/07\/krumm-stehen-ist-gestern\/\">Krumm stehen ist gestern.<\/a><\/h2>\n\n\t\t\t\t<div class=\"su-post-meta\">\n\t\t\t\t\tPosted: September 7, 2021\t\t\t\t<\/div>\n\n\t\t\t\t<div class=\"su-post-excerpt\">\n\t\t\t\t\t  <p>  Diese Helferlein waren schon in Canada f\u00fcr uns am Start. Und jetzt wieder. Viel Vergn\u00fcgen. Ach so: Liken, Abonnieren, Kommentieren und Teilen ausdr\u00fccklich erw\u00fcnscht.  <\/p>  \n\t\t\t\t<\/div>\n\n\t\t\t\t\t\t\t\t\t<a href=\"https:\/\/gonefilming.de\/ca\/2021\/09\/07\/krumm-stehen-ist-gestern\/#respond\" class=\"su-post-comments-link\">0 comments<\/a>\n\t\t\t\t\n\t\t\t<\/div>\n\n\t\t\n\t\n<\/div>\n\n","protected":false},"excerpt":{"rendered":"","protected":false},"author":1,"featured_media":0,"parent":0,"menu_order":0,"comment_status":"closed","ping_status":"open","template":"","meta":{"footnotes":""},"class_list":["post-2","page","type-page","status-publish","hentry"],"translation":{"provider":"WPGlobus","version":"3.0.0","language":"ca","enabled_languages":["de","ca"],"languages":{"de":{"title":true,"content":true,"excerpt":false},"ca":{"title":true,"content":true,"excerpt":false}}},"aioseo_notices":[],"jetpack_sharing_enabled":true,"post_mailing_queue_ids":[],"_links":{"self":[{"href":"https:\/\/gonefilming.de\/ca\/wp-json\/wp\/v2\/pages\/2","targetHints":{"allow":["GET"]}}],"collection":[{"href":"https:\/\/gonefilming.de\/ca\/wp-json\/wp\/v2\/pages"}],"about":[{"href":"https:\/\/gonefilming.de\/ca\/wp-json\/wp\/v2\/types\/page"}],"author":[{"embeddable":true,"href":"https:\/\/gonefilming.de\/ca\/wp-json\/wp\/v2\/users\/1"}],"replies":[{"embeddable":true,"href":"https:\/\/gonefilming.de\/ca\/wp-json\/wp\/v2\/comments?post=2"}],"version-history":[{"count":81,"href":"https:\/\/gonefilming.de\/ca\/wp-json\/wp\/v2\/pages\/2\/revisions"}],"predecessor-version":[{"id":3329,"href":"https:\/\/gonefilming.de\/ca\/wp-json\/wp\/v2\/pages\/2\/revisions\/3329"}],"wp:attachment":[{"href":"https:\/\/gonefilming.de\/ca\/wp-json\/wp\/v2\/media?parent=2"}],"curies":[{"name":"wp","href":"https:\/\/api.w.org\/{rel}","templated":true}]}}