{"id":2680,"date":"2021-12-06T00:54:33","date_gmt":"2021-12-05T23:54:33","guid":{"rendered":"https:\/\/gonefilming.de\/?post_type=product&#038;p=2680"},"modified":"2021-12-14T23:43:12","modified_gmt":"2021-12-14T22:43:12","slug":"no-60a-morris-j2-pick-up-hellblau-1","status":"publish","type":"product","link":"https:\/\/gonefilming.de\/ca\/produkt\/no-60a-morris-j2-pick-up-hellblau-1\/","title":{"rendered":"No. 60A Morris J2 Pick-Up hellblau #1"},"content":{"rendered":"<h4>Ein MATCHBOX by Lesney 1-75 Modell:<\/h4>\n<ul>\n<li><span style=\"font-size: 12pt;\">No. 60A<\/span><\/li>\n<li><span style=\"font-size: 12pt;\">Morris J2 Pick-Up<\/span><\/li>\n<li><span style=\"font-size: 12pt;\">Regular Wheels (RW) &#8211; schwarz<\/span><\/li>\n<li><span style=\"font-size: 12pt;\">hellblau<\/span><\/li>\n<\/ul>\n<h4>Zustand:<\/h4>\n<ul>\n<li><span style=\"font-size: 12pt;\">bespielter Zustand, einige Lackabplatzer &#8211; s. Bilder<\/span><\/li>\n<li><span style=\"font-size: 12pt;\">Alle Automodelle, die ich hier anbiete, sind seit vielen Jahren in meinem Besitz und werden hier ehrlich beschrieben.<\/span> <br \/> \n<span style=\"font-size: 12pt;\">Bei offensichtlichen Sch\u00e4den weise ich nochmals explizit darauf hin.<\/span> <br \/> \n<span style=\"font-size: 12pt;\">Die Aufnahmen wurden sorgf\u00e4ltig gemacht, wer gr\u00f6\u00dfere, detailreichere Aufnahmen m\u00f6chte, darf sich gerne melden.<\/span><\/li>\n<\/ul>\n<h4>Zubeh\u00f6r:<\/h4>\n<ul>\n<li><span style=\"font-size: 12pt;\">ohne<\/span><\/li>\n<\/ul>\n<h4>Preis:<\/h4>\n<ul>\n<li><strong>Festpreis \u20ac 9<\/strong>.<\/li>\n<li>Dies ist zugleich &#8220;letzter Preis&#8221;, also NICHT verhandelbar. Bitte keine &#8220;Tauschangebote&#8221;.<\/li>\n<li><strong><em>\u20ac\u20ac\u20ac SIE SPAREN BEIM KAUF MEHRERER MODELLE \u20ac\u20ac\u20ac:<\/em><\/strong>\n<ul>\n<li><strong>ab 5 beliebigen Matchbox Modellen<\/strong> = <strong>10% Rabatt<\/strong> (und nur 1 x Versand!) <br \/> \nBenutzen Sie an der Kasse dazu den Gutschein: <span class=\"su-highlight\" style=\"background:#ffb800;color:#000000\">&nbsp;matchbox10&nbsp;<\/span><\/li>\n<\/ul>\n<\/li>\n<\/ul>\n<h4>Versand:<\/h4>\n<ul>\n<li>Versicherter Versand zu aktuellen Preisen.<\/li>\n<\/ul>\n <p> <strong>Die Euro M\u00fcnze<\/strong> dient nur zur Ma\u00dfstabsdarstellung und <strong>ist NICHT Teil des Lieferumfangs.<\/strong> <\/p> \n <p> Ist die Anzeige aktiv, dann ist die Ware noch da oder sie wurde noch nicht bezahlt. <br \/> \nBitte keine Anfragen wie &#8220;Ist das noch da?&#8221; &#8211; Danke daf\u00fcr! <\/p> \n","protected":false},"excerpt":{"rendered":" <p> Ein MATCHBOX by Lesney 1-75 Modell: <\/p> \n<ul>\n<li>No. 60A<\/li>\n<li>Morris J2 Pick-Up<\/li>\n<li>Regular Wheels (RW) &#8211; schwarz<\/li>\n<li>hellblau<\/li>\n<\/ul>\n","protected":false},"featured_media":2681,"comment_status":"open","ping_status":"closed","template":"","meta":[],"product_brand":[],"product_cat":[56],"product_tag":[57,58],"class_list":{"0":"post-2680","1":"product","2":"type-product","3":"status-publish","4":"has-post-thumbnail","6":"product_cat-matchbox-1-75","7":"product_tag-matchbox","8":"product_tag-model","10":"first","11":"outofstock","12":"sold-individually","13":"purchasable","14":"product-type-simple"},"translation":{"provider":"WPGlobus","version":"3.0.0","language":"ca","enabled_languages":["de","ca"],"languages":{"de":{"title":true,"content":true,"excerpt":true},"ca":{"title":false,"content":false,"excerpt":false}}},"aioseo_notices":[],"jetpack_sharing_enabled":true,"post_mailing_queue_ids":[],"_links":{"self":[{"href":"https:\/\/gonefilming.de\/ca\/wp-json\/wp\/v2\/product\/2680","targetHints":{"allow":["GET"]}}],"collection":[{"href":"https:\/\/gonefilming.de\/ca\/wp-json\/wp\/v2\/product"}],"about":[{"href":"https:\/\/gonefilming.de\/ca\/wp-json\/wp\/v2\/types\/product"}],"replies":[{"embeddable":true,"href":"https:\/\/gonefilming.de\/ca\/wp-json\/wp\/v2\/comments?post=2680"}],"wp:featuredmedia":[{"embeddable":true,"href":"https:\/\/gonefilming.de\/ca\/wp-json\/wp\/v2\/media\/2681"}],"wp:attachment":[{"href":"https:\/\/gonefilming.de\/ca\/wp-json\/wp\/v2\/media?parent=2680"}],"wp:term":[{"taxonomy":"product_brand","embeddable":true,"href":"https:\/\/gonefilming.de\/ca\/wp-json\/wp\/v2\/product_brand?post=2680"},{"taxonomy":"product_cat","embeddable":true,"href":"https:\/\/gonefilming.de\/ca\/wp-json\/wp\/v2\/product_cat?post=2680"},{"taxonomy":"product_tag","embeddable":true,"href":"https:\/\/gonefilming.de\/ca\/wp-json\/wp\/v2\/product_tag?post=2680"}],"curies":[{"name":"wp","href":"https:\/\/api.w.org\/{rel}","templated":true}]}}