{"id":3018,"date":"2021-12-14T12:05:15","date_gmt":"2021-12-14T11:05:15","guid":{"rendered":"https:\/\/gonefilming.de\/?post_type=product&#038;p=3018"},"modified":"2021-12-14T22:56:05","modified_gmt":"2021-12-14T21:56:05","slug":"superfast-no-58-mercedes-benz-300e-hellblaumetallic-unbespielt","status":"publish","type":"product","link":"https:\/\/gonefilming.de\/ca\/produkt\/superfast-no-58-mercedes-benz-300e-hellblaumetallic-unbespielt\/","title":{"rendered":"Superfast No. 58 Mercedes-Benz 300E hellblaumetallic unbespielt"},"content":{"rendered":"<h4>Ein MATCHBOX Superfast Modell:<\/h4>\n<ul>\n<li>No. 58<\/li>\n<li>1986<\/li>\n<li>Mercedes-Benz 300E<\/li>\n<li>hellblaumetallic<\/li>\n<\/ul>\n<h4>Zustand:<\/h4>\n<ul>\n<li><span style=\"font-size: 12pt;\">unbespielter Zustand, near mint &#8211; s. Bilder<\/span><\/li>\n<li><span style=\"font-size: 12pt;\">Alle Automodelle, die ich hier anbiete, sind seit vielen Jahren in meinem Besitz und werden hier ehrlich beschrieben.<\/span> <br \/> \n<span style=\"font-size: 12pt;\">Bei offensichtlichen Sch\u00e4den weise ich nochmals explizit darauf hin.<\/span> <br \/> \n<span style=\"font-size: 12pt;\">Die Aufnahmen wurden sorgf\u00e4ltig gemacht, wer gr\u00f6\u00dfere, detailreichere Aufnahmen m\u00f6chte, darf sich gerne melden.<\/span><\/li>\n<\/ul>\n<h4>Zubeh\u00f6r:<\/h4>\n<ul>\n<li><span style=\"font-size: 12pt;\">ohne <br \/> \n<\/span><\/li>\n<\/ul>\n<h4>Preis:<\/h4>\n<ul>\n<li><strong>Festpreis \u20ac 8<\/strong>.<\/li>\n<li>Dies ist zugleich &#8220;letzter Preis&#8221;, also NICHT verhandelbar. Bitte keine &#8220;Tauschangebote&#8221;.<\/li>\n<li><strong><em>\u20ac\u20ac\u20ac SIE SPAREN BEIM KAUF MEHRERER MODELLE \u20ac\u20ac\u20ac:<\/em><\/strong>\n<ul>\n<li><strong>ab 5 beliebigen Matchbox Modellen<\/strong> = <strong>10% Rabatt<\/strong> (und nur 1 x Versand!) <br \/> \nBenutzen Sie an der Kasse dazu den Gutschein: <span class=\"su-highlight\" style=\"background:#ffb800;color:#000000\">&nbsp;matchbox10&nbsp;<\/span><\/li>\n<\/ul>\n<\/li>\n<\/ul>\n<h4>Versand:<\/h4>\n<ul>\n<li>Versicherter Versand zu aktuellen Preisen.<\/li>\n<\/ul>\n <p> <strong>Die Euro M\u00fcnze<\/strong> dient nur zur Ma\u00dfstabsdarstellung und <strong>ist NICHT Teil des Lieferumfangs.<\/strong> <\/p> \n <p> Ist die Anzeige aktiv, dann ist die Ware noch da oder sie wurde noch nicht bezahlt. <br \/> \nBitte keine Anfragen wie &#8220;Ist das noch da?&#8221; &#8211; Danke daf\u00fcr! <\/p> \n","protected":false},"excerpt":{"rendered":" <p> Ein MATCHBOX Superfast Modell: <\/p> \n<ul>\n<li>No. 58<\/li>\n<li>Mercedes-Benz 300E<\/li>\n<li>hellblaumetallic<\/li>\n<\/ul>\n","protected":false},"featured_media":3019,"comment_status":"open","ping_status":"closed","template":"","meta":[],"product_brand":[],"product_cat":[60],"product_tag":[57,58,62],"class_list":{"0":"post-3018","1":"product","2":"type-product","3":"status-publish","4":"has-post-thumbnail","6":"product_cat-superfast","7":"product_tag-matchbox","8":"product_tag-model","9":"product_tag-superfast","11":"first","12":"instock","13":"sold-individually","14":"purchasable","15":"product-type-simple"},"translation":{"provider":"WPGlobus","version":"3.0.0","language":"ca","enabled_languages":["de","ca"],"languages":{"de":{"title":true,"content":true,"excerpt":true},"ca":{"title":false,"content":false,"excerpt":false}}},"aioseo_notices":[],"jetpack_sharing_enabled":true,"post_mailing_queue_ids":[],"_links":{"self":[{"href":"https:\/\/gonefilming.de\/ca\/wp-json\/wp\/v2\/product\/3018","targetHints":{"allow":["GET"]}}],"collection":[{"href":"https:\/\/gonefilming.de\/ca\/wp-json\/wp\/v2\/product"}],"about":[{"href":"https:\/\/gonefilming.de\/ca\/wp-json\/wp\/v2\/types\/product"}],"replies":[{"embeddable":true,"href":"https:\/\/gonefilming.de\/ca\/wp-json\/wp\/v2\/comments?post=3018"}],"wp:featuredmedia":[{"embeddable":true,"href":"https:\/\/gonefilming.de\/ca\/wp-json\/wp\/v2\/media\/3019"}],"wp:attachment":[{"href":"https:\/\/gonefilming.de\/ca\/wp-json\/wp\/v2\/media?parent=3018"}],"wp:term":[{"taxonomy":"product_brand","embeddable":true,"href":"https:\/\/gonefilming.de\/ca\/wp-json\/wp\/v2\/product_brand?post=3018"},{"taxonomy":"product_cat","embeddable":true,"href":"https:\/\/gonefilming.de\/ca\/wp-json\/wp\/v2\/product_cat?post=3018"},{"taxonomy":"product_tag","embeddable":true,"href":"https:\/\/gonefilming.de\/ca\/wp-json\/wp\/v2\/product_tag?post=3018"}],"curies":[{"name":"wp","href":"https:\/\/api.w.org\/{rel}","templated":true}]}}