{"id":3114,"date":"2021-12-14T13:09:36","date_gmt":"2021-12-14T12:09:36","guid":{"rendered":"https:\/\/gonefilming.de\/?post_type=product&#038;p=3114"},"modified":"2021-12-15T10:16:22","modified_gmt":"2021-12-15T09:16:22","slug":"siku-no-v220-tempo-matador-bus-hellgruen","status":"publish","type":"product","link":"https:\/\/gonefilming.de\/ca\/produkt\/siku-no-v220-tempo-matador-bus-hellgruen\/","title":{"rendered":"SIKU No. V220 Tempo Matador Bus hellgr\u00fcn"},"content":{"rendered":"<h4>Ein SIKU Modell:<\/h4>\n<ul>\n<li>No. V220<\/li>\n<li>Tempo Matador Bus<\/li>\n<li>hellgr\u00fcn<\/li>\n<\/ul>\n<h4>Zustand:<\/h4>\n<ul>\n<li><span style=\"font-size: 12pt;\">unbespielter Zustand, near mint &#8211; s. Bilder<\/span><\/li>\n<li><span style=\"font-size: 12pt;\">Alle Automodelle, die ich hier anbiete, sind seit vielen Jahren in meinem Besitz und werden hier ehrlich beschrieben.<\/span> <br \/> \n<span style=\"font-size: 12pt;\">Bei offensichtlichen Sch\u00e4den weise ich nochmals explizit darauf hin.<\/span> <br \/> \n<span style=\"font-size: 12pt;\">Die Aufnahmen wurden sorgf\u00e4ltig gemacht, wer gr\u00f6\u00dfere, detailreichere Aufnahmen m\u00f6chte, darf sich gerne melden.<\/span><\/li>\n<\/ul>\n<h4><span style=\"font-size: 12pt;\">Zubeh\u00f6r:<\/span><\/h4>\n<ul>\n<li><span style=\"font-size: 12pt;\">ohne <br \/> \n<\/span><\/li>\n<\/ul>\n<h4>Preis:<\/h4>\n<ul>\n<li><strong>Festpreis \u20ac 15<\/strong>.<\/li>\n<li>Dies ist zugleich &#8220;letzter Preis&#8221;, also NICHT verhandelbar. Bitte keine &#8220;Tauschangebote&#8221;.<\/li>\n<\/ul>\n<h4>Versand:<\/h4>\n<ul>\n<li>Versicherter Versand zu aktuellen Preisen.<\/li>\n<\/ul>\n <p> <strong>Die Euro M\u00fcnze<\/strong> dient nur zur Ma\u00dfstabsdarstellung und <strong>ist NICHT Teil des Lieferumfangs.<\/strong> <\/p> \n <p> Ist die Anzeige aktiv, dann ist die Ware noch da oder sie wurde noch nicht bezahlt. <br \/> \nBitte keine Anfragen wie &#8220;Ist das noch da?&#8221; &#8211; Danke daf\u00fcr! <\/p> \n","protected":false},"excerpt":{"rendered":" <p> Ein SIKU Modell: <\/p> \n<ul>\n<li>No. V220<\/li>\n<li>Tempo Matador Bus<\/li>\n<li>hellgr\u00fcn<\/li>\n<\/ul>\n","protected":false},"featured_media":3115,"comment_status":"open","ping_status":"closed","template":"","meta":[],"product_brand":[],"product_cat":[61],"product_tag":[57,58,62],"class_list":{"0":"post-3114","1":"product","2":"type-product","3":"status-publish","4":"has-post-thumbnail","6":"product_cat-siku","7":"product_tag-matchbox","8":"product_tag-model","9":"product_tag-superfast","11":"first","12":"instock","13":"sold-individually","14":"purchasable","15":"product-type-simple"},"translation":{"provider":"WPGlobus","version":"3.0.0","language":"ca","enabled_languages":["de","ca"],"languages":{"de":{"title":true,"content":true,"excerpt":true},"ca":{"title":false,"content":false,"excerpt":false}}},"aioseo_notices":[],"jetpack_sharing_enabled":true,"post_mailing_queue_ids":[],"_links":{"self":[{"href":"https:\/\/gonefilming.de\/ca\/wp-json\/wp\/v2\/product\/3114","targetHints":{"allow":["GET"]}}],"collection":[{"href":"https:\/\/gonefilming.de\/ca\/wp-json\/wp\/v2\/product"}],"about":[{"href":"https:\/\/gonefilming.de\/ca\/wp-json\/wp\/v2\/types\/product"}],"replies":[{"embeddable":true,"href":"https:\/\/gonefilming.de\/ca\/wp-json\/wp\/v2\/comments?post=3114"}],"wp:featuredmedia":[{"embeddable":true,"href":"https:\/\/gonefilming.de\/ca\/wp-json\/wp\/v2\/media\/3115"}],"wp:attachment":[{"href":"https:\/\/gonefilming.de\/ca\/wp-json\/wp\/v2\/media?parent=3114"}],"wp:term":[{"taxonomy":"product_brand","embeddable":true,"href":"https:\/\/gonefilming.de\/ca\/wp-json\/wp\/v2\/product_brand?post=3114"},{"taxonomy":"product_cat","embeddable":true,"href":"https:\/\/gonefilming.de\/ca\/wp-json\/wp\/v2\/product_cat?post=3114"},{"taxonomy":"product_tag","embeddable":true,"href":"https:\/\/gonefilming.de\/ca\/wp-json\/wp\/v2\/product_tag?post=3114"}],"curies":[{"name":"wp","href":"https:\/\/api.w.org\/{rel}","templated":true}]}}